{"id":2,"date":"2026-02-04T12:35:14","date_gmt":"2026-02-04T11:35:14","guid":{"rendered":"http:\/\/willahonolulu.pl\/?page_id=2"},"modified":"2026-04-17T14:37:59","modified_gmt":"2026-04-17T12:37:59","slug":"przykladowa-strona","status":"publish","type":"page","link":"https:\/\/willahonolulu.pl\/?page_id=2","title":{"rendered":"GALERIA"},"content":{"rendered":"\n<p>Poni\u017cej zamieszczamy zdj\u0119cia naszcyh pokoi i apartament\u00f3w.<\/p>\n\n\n\n<p><\/p>\n\n\n\n<blockquote class=\"wp-block-quote is-layout-flow wp-block-quote-is-layout-flow\">\n<p>Dysponujemy dwunastoma pokojami z \u0142azienkami. <\/p>\n\n\n\n<p>Oferujemy Pa\u0144stwu:<\/p>\n\n\n\n<ol class=\"wp-block-list\">\n<li>dwa pokoje trzyosobowe z trzema oddzielnymi \u0142\u00f3\u017ckami &#8211; pok nr 7 i 12 <\/li>\n<\/ol>\n\n\n\n<p>2. trzy pokoje z jednym \u0142\u00f3\u017ckiem pojedynczym i jednym podw\u00f3jnym (ma\u0142\u017ce\u0144skim) &#8211; pok. nr 6,8,11<\/p>\n\n\n\n<p>3. dwa pokoje z jednym \u0142\u00f3\u017ckiem podw\u00f3jnym(ma\u0142\u017ce\u0144skim) &#8211; pok. nr 2 i 5<\/p>\n\n\n\n<p>4. pi\u0119\u0107 pokoi z dwoma \u0142\u00f3\u017ckami pojedynczymi &#8211; pok. nr 1,3,4,9,10<\/p>\n<\/blockquote>\n\n\n\n<div class=\"wp-block-group is-layout-constrained wp-block-group-is-layout-constrained\">\n<p><\/p>\n<\/div>\n\n\n\n<blockquote class=\"wp-block-quote is-layout-flow wp-block-quote-is-layout-flow\">\n<p>Cztery nasze pokoje posiadj\u0105 balkony lub tarasy. S\u0105 to pokoje numer:6,7,10,11<\/p>\n<\/blockquote>\n\n\n\n\n\n\n\n\n\n<div class=\"wp-block-group is-layout-grid wp-container-core-group-is-layout-478b6e6b wp-block-group-is-layout-grid\">\n<p><\/p>\n<\/div>\n\n\n\n\n\n\n\n\n\n\n\n\n\n\n\n\n\n\n\n\n\n\n","protected":false},"excerpt":{"rendered":"<p>Poni\u017cej zamieszczamy zdj\u0119cia naszcyh pokoi i apartament\u00f3w. Cztery nasze pokoje posiadj\u0105 balkony lub tarasy. S\u0105 to pokoje numer:6,7,10,11<\/p>\n","protected":false},"author":1,"featured_media":0,"parent":0,"menu_order":0,"comment_status":"closed","ping_status":"open","template":"","meta":{"saved_in_kubio":true,"footnotes":""},"class_list":["post-2","page","type-page","status-publish","hentry"],"kubio_ai_page_context":{"short_desc":"","purpose":"general"},"yoast_head":"<!-- This site is optimized with the Yoast SEO plugin v26.9 - https:\/\/yoast.com\/product\/yoast-seo-wordpress\/ -->\n<title>GALERIA - Willa HONO LULU<\/title>\n<meta name=\"robots\" content=\"index, follow, max-snippet:-1, max-image-preview:large, max-video-preview:-1\" \/>\n<link rel=\"canonical\" href=\"https:\/\/willahonolulu.pl\/?page_id=2\" \/>\n<meta property=\"og:locale\" content=\"pl_PL\" \/>\n<meta property=\"og:type\" content=\"article\" \/>\n<meta property=\"og:title\" content=\"GALERIA - Willa HONO LULU\" \/>\n<meta property=\"og:description\" content=\"Poni\u017cej zamieszczamy zdj\u0119cia naszcyh pokoi i apartament\u00f3w. Cztery nasze pokoje posiadj\u0105 balkony lub tarasy. S\u0105 to pokoje numer:6,7,10,11\" \/>\n<meta property=\"og:url\" content=\"https:\/\/willahonolulu.pl\/?page_id=2\" \/>\n<meta property=\"og:site_name\" content=\"Willa HONO LULU\" \/>\n<meta property=\"article:modified_time\" content=\"2026-04-17T12:37:59+00:00\" \/>\n<meta name=\"twitter:card\" content=\"summary_large_image\" \/>\n<meta name=\"twitter:label1\" content=\"Szacowany czas czytania\" \/>\n\t<meta name=\"twitter:data1\" content=\"1 minuta\" \/>\n<script type=\"application\/ld+json\" class=\"yoast-schema-graph\">{\"@context\":\"https:\/\/schema.org\",\"@graph\":[{\"@type\":\"WebPage\",\"@id\":\"https:\/\/willahonolulu.pl\/?page_id=2\",\"url\":\"https:\/\/willahonolulu.pl\/?page_id=2\",\"name\":\"GALERIA - Willa HONO LULU\",\"isPartOf\":{\"@id\":\"https:\/\/willahonolulu.pl\/#website\"},\"datePublished\":\"2026-02-04T11:35:14+00:00\",\"dateModified\":\"2026-04-17T12:37:59+00:00\",\"breadcrumb\":{\"@id\":\"https:\/\/willahonolulu.pl\/?page_id=2#breadcrumb\"},\"inLanguage\":\"pl-PL\",\"potentialAction\":[{\"@type\":\"ReadAction\",\"target\":[\"https:\/\/willahonolulu.pl\/?page_id=2\"]}]},{\"@type\":\"BreadcrumbList\",\"@id\":\"https:\/\/willahonolulu.pl\/?page_id=2#breadcrumb\",\"itemListElement\":[{\"@type\":\"ListItem\",\"position\":1,\"name\":\"Home\",\"item\":\"https:\/\/willahonolulu.pl\/\"},{\"@type\":\"ListItem\",\"position\":2,\"name\":\"GALERIA\"}]},{\"@type\":\"WebSite\",\"@id\":\"https:\/\/willahonolulu.pl\/#website\",\"url\":\"https:\/\/willahonolulu.pl\/\",\"name\":\"Willa HONO LULU\",\"description\":\"Cisza, spok\u00f3j , harmonia\",\"publisher\":{\"@id\":\"https:\/\/willahonolulu.pl\/#organization\"},\"potentialAction\":[{\"@type\":\"SearchAction\",\"target\":{\"@type\":\"EntryPoint\",\"urlTemplate\":\"https:\/\/willahonolulu.pl\/?s={search_term_string}\"},\"query-input\":{\"@type\":\"PropertyValueSpecification\",\"valueRequired\":true,\"valueName\":\"search_term_string\"}}],\"inLanguage\":\"pl-PL\"},{\"@type\":\"Organization\",\"@id\":\"https:\/\/willahonolulu.pl\/#organization\",\"name\":\"Willa HONO LULU\",\"url\":\"https:\/\/willahonolulu.pl\/\",\"logo\":{\"@type\":\"ImageObject\",\"inLanguage\":\"pl-PL\",\"@id\":\"https:\/\/willahonolulu.pl\/#\/schema\/logo\/image\/\",\"url\":\"https:\/\/willahonolulu.pl\/wp-content\/uploads\/2026\/02\/hl61.jpg\",\"contentUrl\":\"https:\/\/willahonolulu.pl\/wp-content\/uploads\/2026\/02\/hl61.jpg\",\"width\":2048,\"height\":1536,\"caption\":\"Willa HONO LULU\"},\"image\":{\"@id\":\"https:\/\/willahonolulu.pl\/#\/schema\/logo\/image\/\"}}]}<\/script>\n<!-- \/ Yoast SEO plugin. -->","yoast_head_json":{"title":"GALERIA - Willa HONO LULU","robots":{"index":"index","follow":"follow","max-snippet":"max-snippet:-1","max-image-preview":"max-image-preview:large","max-video-preview":"max-video-preview:-1"},"canonical":"https:\/\/willahonolulu.pl\/?page_id=2","og_locale":"pl_PL","og_type":"article","og_title":"GALERIA - Willa HONO LULU","og_description":"Poni\u017cej zamieszczamy zdj\u0119cia naszcyh pokoi i apartament\u00f3w. Cztery nasze pokoje posiadj\u0105 balkony lub tarasy. S\u0105 to pokoje numer:6,7,10,11","og_url":"https:\/\/willahonolulu.pl\/?page_id=2","og_site_name":"Willa HONO LULU","article_modified_time":"2026-04-17T12:37:59+00:00","twitter_card":"summary_large_image","twitter_misc":{"Szacowany czas czytania":"1 minuta"},"schema":{"@context":"https:\/\/schema.org","@graph":[{"@type":"WebPage","@id":"https:\/\/willahonolulu.pl\/?page_id=2","url":"https:\/\/willahonolulu.pl\/?page_id=2","name":"GALERIA - Willa HONO LULU","isPartOf":{"@id":"https:\/\/willahonolulu.pl\/#website"},"datePublished":"2026-02-04T11:35:14+00:00","dateModified":"2026-04-17T12:37:59+00:00","breadcrumb":{"@id":"https:\/\/willahonolulu.pl\/?page_id=2#breadcrumb"},"inLanguage":"pl-PL","potentialAction":[{"@type":"ReadAction","target":["https:\/\/willahonolulu.pl\/?page_id=2"]}]},{"@type":"BreadcrumbList","@id":"https:\/\/willahonolulu.pl\/?page_id=2#breadcrumb","itemListElement":[{"@type":"ListItem","position":1,"name":"Home","item":"https:\/\/willahonolulu.pl\/"},{"@type":"ListItem","position":2,"name":"GALERIA"}]},{"@type":"WebSite","@id":"https:\/\/willahonolulu.pl\/#website","url":"https:\/\/willahonolulu.pl\/","name":"Willa HONO LULU","description":"Cisza, spok\u00f3j , harmonia","publisher":{"@id":"https:\/\/willahonolulu.pl\/#organization"},"potentialAction":[{"@type":"SearchAction","target":{"@type":"EntryPoint","urlTemplate":"https:\/\/willahonolulu.pl\/?s={search_term_string}"},"query-input":{"@type":"PropertyValueSpecification","valueRequired":true,"valueName":"search_term_string"}}],"inLanguage":"pl-PL"},{"@type":"Organization","@id":"https:\/\/willahonolulu.pl\/#organization","name":"Willa HONO LULU","url":"https:\/\/willahonolulu.pl\/","logo":{"@type":"ImageObject","inLanguage":"pl-PL","@id":"https:\/\/willahonolulu.pl\/#\/schema\/logo\/image\/","url":"https:\/\/willahonolulu.pl\/wp-content\/uploads\/2026\/02\/hl61.jpg","contentUrl":"https:\/\/willahonolulu.pl\/wp-content\/uploads\/2026\/02\/hl61.jpg","width":2048,"height":1536,"caption":"Willa HONO LULU"},"image":{"@id":"https:\/\/willahonolulu.pl\/#\/schema\/logo\/image\/"}}]}},"_links":{"self":[{"href":"https:\/\/willahonolulu.pl\/index.php?rest_route=\/wp\/v2\/pages\/2","targetHints":{"allow":["GET"]}}],"collection":[{"href":"https:\/\/willahonolulu.pl\/index.php?rest_route=\/wp\/v2\/pages"}],"about":[{"href":"https:\/\/willahonolulu.pl\/index.php?rest_route=\/wp\/v2\/types\/page"}],"author":[{"embeddable":true,"href":"https:\/\/willahonolulu.pl\/index.php?rest_route=\/wp\/v2\/users\/1"}],"replies":[{"embeddable":true,"href":"https:\/\/willahonolulu.pl\/index.php?rest_route=%2Fwp%2Fv2%2Fcomments&post=2"}],"version-history":[{"count":15,"href":"https:\/\/willahonolulu.pl\/index.php?rest_route=\/wp\/v2\/pages\/2\/revisions"}],"predecessor-version":[{"id":523,"href":"https:\/\/willahonolulu.pl\/index.php?rest_route=\/wp\/v2\/pages\/2\/revisions\/523"}],"wp:attachment":[{"href":"https:\/\/willahonolulu.pl\/index.php?rest_route=%2Fwp%2Fv2%2Fmedia&parent=2"}],"curies":[{"name":"wp","href":"https:\/\/api.w.org\/{rel}","templated":true}]}}